{"id":85,"date":"2024-03-24T17:49:03","date_gmt":"2024-03-24T17:49:03","guid":{"rendered":"https:\/\/emmssart.de\/?page_id=85"},"modified":"2024-05-14T11:56:55","modified_gmt":"2024-05-14T09:56:55","slug":"uber-mich","status":"publish","type":"page","link":"https:\/\/emmssart.de\/?page_id=85","title":{"rendered":"\u00dcber mich"},"content":{"rendered":"\n<figure class=\"wp-block-image alignleft size-full is-resized is-style-rounded is-style-rounded--1\"><img loading=\"lazy\" decoding=\"async\" width=\"744\" height=\"1323\" src=\"https:\/\/emmssart.de\/wp-content\/uploads\/2024\/05\/Foto-von-mir-Peter-Zeichnung-edited.jpg\" alt=\"\" class=\"wp-image-589\" style=\"width:356px;height:auto\" srcset=\"https:\/\/emmssart.de\/wp-content\/uploads\/2024\/05\/Foto-von-mir-Peter-Zeichnung-edited.jpg 744w, https:\/\/emmssart.de\/wp-content\/uploads\/2024\/05\/Foto-von-mir-Peter-Zeichnung-edited-169x300.jpg 169w, https:\/\/emmssart.de\/wp-content\/uploads\/2024\/05\/Foto-von-mir-Peter-Zeichnung-edited-576x1024.jpg 576w\" sizes=\"auto, (max-width: 744px) 100vw, 744px\" \/><\/figure>\n\n\n\n<p>Mein Name ist Emma Goulet, 2004 in England geboren und nun ist mein Wohnsitz im M\u00fcnchener S\u00fcden. Als nebenberufliche K\u00fcnstlerin  habe ich mich spezialisiert auf Zeichnungen mit Blei- &amp; Buntstiften. Bald kann man bei mir auch individuell angefertigte Gem\u00e4lde beauftragen.<\/p>\n\n\n\n<p>Das Zeichnen habe ich mir in meiner Kindheit mit viel \u00dcbung selbst beigebracht. Wie viele Kinder habe ich in jungen Jahren viel gezeichnet und war schon immer vor allem auf Pferde fixiert. Mit 11 habe ich im Internet eine sehr sch\u00f6ne, realistische Fine Art Zeichnung von einem Pferd gesehen, die mich so beeindruckt hat, dass ich auch so zeichnen k\u00f6nnen wollte. Also habe ich mich hingesetzt und versucht so realistisch zu zeichnen, wie ich es konnte, egal wie lang es dauern w\u00fcrde.<\/p>\n\n\n\n<p>Diese Zeichnung war das Ergebnis meines ersten Versuchs:<\/p>\n\n\n\n<div class=\"wp-block-media-text alignwide is-stacked-on-mobile\" style=\"grid-template-columns:29% auto\"><figure class=\"wp-block-media-text__media\"><img loading=\"lazy\" decoding=\"async\" width=\"819\" height=\"1024\" src=\"https:\/\/emmssart.de\/wp-content\/uploads\/2024\/03\/SmartSelect_20240324_214113_Instagram-2-819x1024.jpg\" alt=\"\" class=\"wp-image-130 size-full\" srcset=\"https:\/\/emmssart.de\/wp-content\/uploads\/2024\/03\/SmartSelect_20240324_214113_Instagram-2-819x1024.jpg 819w, https:\/\/emmssart.de\/wp-content\/uploads\/2024\/03\/SmartSelect_20240324_214113_Instagram-2-240x300.jpg 240w, https:\/\/emmssart.de\/wp-content\/uploads\/2024\/03\/SmartSelect_20240324_214113_Instagram-2-768x960.jpg 768w, https:\/\/emmssart.de\/wp-content\/uploads\/2024\/03\/SmartSelect_20240324_214113_Instagram-2.jpg 1079w\" sizes=\"auto, (max-width: 819px) 100vw, 819px\" \/><\/figure><div class=\"wp-block-media-text__content\">\n<p>Diese Zeichnung gefiel mir damals \u00fcberraschend gut, also blieb ich dabei, regelm\u00e4\u00dfig nach Fotovorlage zu zeichnen und erstellte noch am selben Tag ein Instagramprofil, welches noch bis heute mein Instagram account @emmssart ist. <\/p>\n\n\n\n<ul class=\"wp-block-social-links is-layout-flex wp-block-social-links-is-layout-flex\"><li class=\"wp-social-link wp-social-link-instagram  wp-block-social-link\"><a href=\"https:\/\/www.instagram.com\/emmssart\/\" class=\"wp-block-social-link-anchor\"><svg width=\"24\" height=\"24\" viewBox=\"0 0 24 24\" version=\"1.1\" xmlns=\"http:\/\/www.w3.org\/2000\/svg\" aria-hidden=\"true\" focusable=\"false\"><path d=\"M12,4.622c2.403,0,2.688,0.009,3.637,0.052c0.877,0.04,1.354,0.187,1.671,0.31c0.42,0.163,0.72,0.358,1.035,0.673 c0.315,0.315,0.51,0.615,0.673,1.035c0.123,0.317,0.27,0.794,0.31,1.671c0.043,0.949,0.052,1.234,0.052,3.637 s-0.009,2.688-0.052,3.637c-0.04,0.877-0.187,1.354-0.31,1.671c-0.163,0.42-0.358,0.72-0.673,1.035 c-0.315,0.315-0.615,0.51-1.035,0.673c-0.317,0.123-0.794,0.27-1.671,0.31c-0.949,0.043-1.233,0.052-3.637,0.052 s-2.688-0.009-3.637-0.052c-0.877-0.04-1.354-0.187-1.671-0.31c-0.42-0.163-0.72-0.358-1.035-0.673 c-0.315-0.315-0.51-0.615-0.673-1.035c-0.123-0.317-0.27-0.794-0.31-1.671C4.631,14.688,4.622,14.403,4.622,12 s0.009-2.688,0.052-3.637c0.04-0.877,0.187-1.354,0.31-1.671c0.163-0.42,0.358-0.72,0.673-1.035 c0.315-0.315,0.615-0.51,1.035-0.673c0.317-0.123,0.794-0.27,1.671-0.31C9.312,4.631,9.597,4.622,12,4.622 M12,3 C9.556,3,9.249,3.01,8.289,3.054C7.331,3.098,6.677,3.25,6.105,3.472C5.513,3.702,5.011,4.01,4.511,4.511 c-0.5,0.5-0.808,1.002-1.038,1.594C3.25,6.677,3.098,7.331,3.054,8.289C3.01,9.249,3,9.556,3,12c0,2.444,0.01,2.751,0.054,3.711 c0.044,0.958,0.196,1.612,0.418,2.185c0.23,0.592,0.538,1.094,1.038,1.594c0.5,0.5,1.002,0.808,1.594,1.038 c0.572,0.222,1.227,0.375,2.185,0.418C9.249,20.99,9.556,21,12,21s2.751-0.01,3.711-0.054c0.958-0.044,1.612-0.196,2.185-0.418 c0.592-0.23,1.094-0.538,1.594-1.038c0.5-0.5,0.808-1.002,1.038-1.594c0.222-0.572,0.375-1.227,0.418-2.185 C20.99,14.751,21,14.444,21,12s-0.01-2.751-0.054-3.711c-0.044-0.958-0.196-1.612-0.418-2.185c-0.23-0.592-0.538-1.094-1.038-1.594 c-0.5-0.5-1.002-0.808-1.594-1.038c-0.572-0.222-1.227-0.375-2.185-0.418C14.751,3.01,14.444,3,12,3L12,3z M12,7.378 c-2.552,0-4.622,2.069-4.622,4.622S9.448,16.622,12,16.622s4.622-2.069,4.622-4.622S14.552,7.378,12,7.378z M12,15 c-1.657,0-3-1.343-3-3s1.343-3,3-3s3,1.343,3,3S13.657,15,12,15z M16.804,6.116c-0.596,0-1.08,0.484-1.08,1.08 s0.484,1.08,1.08,1.08c0.596,0,1.08-0.484,1.08-1.08S17.401,6.116,16.804,6.116z\"><\/path><\/svg><span class=\"wp-block-social-link-label screen-reader-text\">Instagram<\/span><\/a><\/li><\/ul>\n\n\n\n<p><strong><mark style=\"background-color:#f4e0a1;color:#070706\" class=\"has-inline-color\">Ein paar meiner ersten Zeichnunge<\/mark>n sehen Sie weiter unten.<\/strong><\/p>\n<\/div><\/div>\n\n\n\n<div class=\"wp-block-group alignfull has-base-2-background-color has-background has-global-padding is-layout-constrained wp-container-core-group-is-layout-669513ed wp-block-group-is-layout-constrained\" style=\"margin-top:0;margin-bottom:0;padding-top:var(--wp--preset--spacing--50);padding-right:var(--wp--preset--spacing--50);padding-bottom:var(--wp--preset--spacing--50);padding-left:var(--wp--preset--spacing--50)\">\n<p>Seit 2016 habe ich regelm\u00e4\u00dfig das Zeichnen ge\u00fcbt und habe mich an viele verschiedene Tiermotive und Menschenportraits gewagt. Au\u00dferdem habe ich \u00fcber die Jahre verschiedene Medien probiert, unter anderem Aquarell, \u00d6lmalerei, Acryl, Pastell &amp; Kreide, Marker und einige andere. Das Zeichnen mit Stiften ist aber immer das geblieben, was mir am meisten Spa\u00df bereitet.<\/p>\n\n\n\n<p>Immer mal wieder habe ich Zeichnungen f\u00fcr andere Leute angefertigt, erst kostenlos und dann gegen Trinkgeld. 2020 habe ich erste Zeichnungen verkauft und kleine Auftr\u00e4ge angenommen. Dann kam mein Abitur und ich habe aus zeitlichen Gr\u00fcnden in der 11. und 12. Klasse nicht mehr gezeichnet. Ende 2022, nach meinem bestandenen Abitur, habe ich endlich wieder Freude am Zeichnen gefunden. Anschlie\u00dfend folgten direkt wieder Auftr\u00e4ge, ich habe mich selbst\u00e4ndig gemacht und das bis heute weiter ausgebaut.<\/p>\n\n\n\n<p>Mein Ziel ist es, Ihre geliebten Tiere und Menschen in einzigartigen Portraits zu verewigen. Ich bin auch ein absoluter Tiermensch und die Zeit mit meinen Tieren z\u00e4hlt f\u00fcr mich zu den gl\u00fccklichsten Momenten in meinem Leben. Genau diese Augenblicke mit Ihren liebsten Personen und Tieren will ich f\u00fcr Sie auf diese besondere und pers\u00f6nliche Art festhalten.<\/p>\n\n\n\n<p>Hier noch ein paar meiner ersten Zeichnungen aus 2016: <\/p>\n\n\n\n<figure class=\"wp-block-gallery has-nested-images columns-default is-cropped wp-block-gallery-2 is-layout-flex wp-block-gallery-is-layout-flex\">\n<figure class=\"wp-block-image size-large\"><img loading=\"lazy\" decoding=\"async\" width=\"1024\" height=\"1012\" data-id=\"131\" src=\"https:\/\/emmssart.de\/wp-content\/uploads\/2024\/03\/Screenshot-2024-03-24-222659-1024x1012.png\" alt=\"\" class=\"wp-image-131\" srcset=\"https:\/\/emmssart.de\/wp-content\/uploads\/2024\/03\/Screenshot-2024-03-24-222659-1024x1012.png 1024w, https:\/\/emmssart.de\/wp-content\/uploads\/2024\/03\/Screenshot-2024-03-24-222659-300x297.png 300w, https:\/\/emmssart.de\/wp-content\/uploads\/2024\/03\/Screenshot-2024-03-24-222659-768x759.png 768w, https:\/\/emmssart.de\/wp-content\/uploads\/2024\/03\/Screenshot-2024-03-24-222659-1536x1518.png 1536w, https:\/\/emmssart.de\/wp-content\/uploads\/2024\/03\/Screenshot-2024-03-24-222659.png 1546w\" sizes=\"auto, (max-width: 1024px) 100vw, 1024px\" \/><figcaption class=\"wp-element-caption\">Erste Hundezeichnung<\/figcaption><\/figure>\n\n\n\n<figure class=\"wp-block-image size-large\"><img loading=\"lazy\" decoding=\"async\" width=\"1020\" height=\"1024\" data-id=\"134\" src=\"https:\/\/emmssart.de\/wp-content\/uploads\/2024\/03\/Screenshot-2024-03-24-223724-1020x1024.png\" alt=\"\" class=\"wp-image-134\" srcset=\"https:\/\/emmssart.de\/wp-content\/uploads\/2024\/03\/Screenshot-2024-03-24-223724-1020x1024.png 1020w, https:\/\/emmssart.de\/wp-content\/uploads\/2024\/03\/Screenshot-2024-03-24-223724-300x300.png 300w, https:\/\/emmssart.de\/wp-content\/uploads\/2024\/03\/Screenshot-2024-03-24-223724-150x150.png 150w, https:\/\/emmssart.de\/wp-content\/uploads\/2024\/03\/Screenshot-2024-03-24-223724-768x771.png 768w, https:\/\/emmssart.de\/wp-content\/uploads\/2024\/03\/Screenshot-2024-03-24-223724-1530x1536.png 1530w, https:\/\/emmssart.de\/wp-content\/uploads\/2024\/03\/Screenshot-2024-03-24-223724.png 1536w\" sizes=\"auto, (max-width: 1020px) 100vw, 1020px\" \/><figcaption class=\"wp-element-caption\">Zweite Pferdezeichnung<\/figcaption><\/figure>\n\n\n\n<figure class=\"wp-block-image size-large\"><img loading=\"lazy\" decoding=\"async\" width=\"1024\" height=\"969\" data-id=\"132\" src=\"https:\/\/emmssart.de\/wp-content\/uploads\/2024\/03\/Screenshot-2024-03-24-223338-1024x969.png\" alt=\"\" class=\"wp-image-132\" srcset=\"https:\/\/emmssart.de\/wp-content\/uploads\/2024\/03\/Screenshot-2024-03-24-223338-1024x969.png 1024w, https:\/\/emmssart.de\/wp-content\/uploads\/2024\/03\/Screenshot-2024-03-24-223338-300x284.png 300w, https:\/\/emmssart.de\/wp-content\/uploads\/2024\/03\/Screenshot-2024-03-24-223338-768x727.png 768w, https:\/\/emmssart.de\/wp-content\/uploads\/2024\/03\/Screenshot-2024-03-24-223338-1536x1453.png 1536w, https:\/\/emmssart.de\/wp-content\/uploads\/2024\/03\/Screenshot-2024-03-24-223338.png 1538w\" sizes=\"auto, (max-width: 1024px) 100vw, 1024px\" \/><figcaption class=\"wp-element-caption\">Erste Katzenzeichnung<\/figcaption><\/figure>\n\n\n\n<figure class=\"wp-block-image size-large\"><img loading=\"lazy\" decoding=\"async\" width=\"1024\" height=\"939\" data-id=\"133\" src=\"https:\/\/emmssart.de\/wp-content\/uploads\/2024\/03\/Screenshot-2024-03-24-223516-1024x939.png\" alt=\"\" class=\"wp-image-133\" srcset=\"https:\/\/emmssart.de\/wp-content\/uploads\/2024\/03\/Screenshot-2024-03-24-223516-1024x939.png 1024w, https:\/\/emmssart.de\/wp-content\/uploads\/2024\/03\/Screenshot-2024-03-24-223516-300x275.png 300w, https:\/\/emmssart.de\/wp-content\/uploads\/2024\/03\/Screenshot-2024-03-24-223516-768x704.png 768w, https:\/\/emmssart.de\/wp-content\/uploads\/2024\/03\/Screenshot-2024-03-24-223516.png 1536w\" sizes=\"auto, (max-width: 1024px) 100vw, 1024px\" \/><figcaption class=\"wp-element-caption\">Erste Menschenzeichnung<\/figcaption><\/figure>\n\n\n\n<figure class=\"wp-block-image size-large\"><img loading=\"lazy\" decoding=\"async\" width=\"1024\" height=\"970\" data-id=\"135\" src=\"https:\/\/emmssart.de\/wp-content\/uploads\/2024\/03\/Screenshot-2024-03-24-224216-1024x970.png\" alt=\"\" class=\"wp-image-135\" srcset=\"https:\/\/emmssart.de\/wp-content\/uploads\/2024\/03\/Screenshot-2024-03-24-224216-1024x970.png 1024w, https:\/\/emmssart.de\/wp-content\/uploads\/2024\/03\/Screenshot-2024-03-24-224216-300x284.png 300w, https:\/\/emmssart.de\/wp-content\/uploads\/2024\/03\/Screenshot-2024-03-24-224216-768x727.png 768w, https:\/\/emmssart.de\/wp-content\/uploads\/2024\/03\/Screenshot-2024-03-24-224216-1536x1454.png 1536w, https:\/\/emmssart.de\/wp-content\/uploads\/2024\/03\/Screenshot-2024-03-24-224216.png 1544w\" sizes=\"auto, (max-width: 1024px) 100vw, 1024px\" \/><figcaption class=\"wp-element-caption\">Erste Buntstiftzeichnung<\/figcaption><\/figure>\n\n\n\n<figure class=\"wp-block-image size-large\"><img loading=\"lazy\" decoding=\"async\" width=\"1024\" height=\"960\" data-id=\"136\" src=\"https:\/\/emmssart.de\/wp-content\/uploads\/2024\/03\/Screenshot-2024-03-24-224757-1024x960.png\" alt=\"\" class=\"wp-image-136\" srcset=\"https:\/\/emmssart.de\/wp-content\/uploads\/2024\/03\/Screenshot-2024-03-24-224757-1024x960.png 1024w, https:\/\/emmssart.de\/wp-content\/uploads\/2024\/03\/Screenshot-2024-03-24-224757-300x281.png 300w, https:\/\/emmssart.de\/wp-content\/uploads\/2024\/03\/Screenshot-2024-03-24-224757-768x720.png 768w, https:\/\/emmssart.de\/wp-content\/uploads\/2024\/03\/Screenshot-2024-03-24-224757-1536x1440.png 1536w, https:\/\/emmssart.de\/wp-content\/uploads\/2024\/03\/Screenshot-2024-03-24-224757.png 1540w\" sizes=\"auto, (max-width: 1024px) 100vw, 1024px\" \/><\/figure>\n<\/figure>\n<\/div>\n\n\n\n<div class=\"wp-block-group alignfull has-global-padding is-layout-constrained wp-container-core-group-is-layout-d89aad35 wp-block-group-is-layout-constrained\" style=\"margin-top:0;margin-bottom:0;padding-top:var(--wp--preset--spacing--50);padding-right:var(--wp--preset--spacing--50);padding-bottom:var(--wp--preset--spacing--50);padding-left:var(--wp--preset--spacing--50)\">\n<div class=\"wp-block-group alignwide has-global-padding is-layout-constrained wp-block-group-is-layout-constrained\">\n<div class=\"wp-block-query alignwide is-layout-flow wp-block-query-is-layout-flow\">\n\n\n<div style=\"height:var(--wp--preset--spacing--30)\" aria-hidden=\"true\" class=\"wp-block-spacer\"><\/div>\n\n\n\n\n<div class=\"wp-block-query-no-results\">\n\n<p>No posts were found.<\/p>\n\n<\/div><\/div>\n<\/div>\n<\/div>\n","protected":false},"excerpt":{"rendered":"<p>Mein Name ist Emma Goulet, 2004 in England geboren und nun ist mein Wohnsitz im M\u00fcnchener S\u00fcden. Als nebenberufliche K\u00fcnstlerin habe ich mich spezialisiert auf Zeichnungen mit Blei- &amp; Buntstiften. Bald kann man bei mir auch individuell angefertigte Gem\u00e4lde beauftragen. Das Zeichnen habe ich mir in meiner Kindheit mit viel \u00dcbung selbst beigebracht. Wie viele [&hellip;]<\/p>\n","protected":false},"author":2,"featured_media":0,"parent":0,"menu_order":0,"comment_status":"closed","ping_status":"closed","template":"","meta":{"footnotes":""},"class_list":["post-85","page","type-page","status-publish","hentry"],"_links":{"self":[{"href":"https:\/\/emmssart.de\/index.php?rest_route=\/wp\/v2\/pages\/85","targetHints":{"allow":["GET"]}}],"collection":[{"href":"https:\/\/emmssart.de\/index.php?rest_route=\/wp\/v2\/pages"}],"about":[{"href":"https:\/\/emmssart.de\/index.php?rest_route=\/wp\/v2\/types\/page"}],"author":[{"embeddable":true,"href":"https:\/\/emmssart.de\/index.php?rest_route=\/wp\/v2\/users\/2"}],"replies":[{"embeddable":true,"href":"https:\/\/emmssart.de\/index.php?rest_route=%2Fwp%2Fv2%2Fcomments&post=85"}],"version-history":[{"count":22,"href":"https:\/\/emmssart.de\/index.php?rest_route=\/wp\/v2\/pages\/85\/revisions"}],"predecessor-version":[{"id":590,"href":"https:\/\/emmssart.de\/index.php?rest_route=\/wp\/v2\/pages\/85\/revisions\/590"}],"wp:attachment":[{"href":"https:\/\/emmssart.de\/index.php?rest_route=%2Fwp%2Fv2%2Fmedia&parent=85"}],"curies":[{"name":"wp","href":"https:\/\/api.w.org\/{rel}","templated":true}]}}